{"id":2280,"date":"2023-11-18T18:07:43","date_gmt":"2023-11-18T18:07:43","guid":{"rendered":"https:\/\/scarletios.net\/?page_id=2280"},"modified":"2023-11-18T18:08:49","modified_gmt":"2023-11-18T18:08:49","slug":"gdpr-policy","status":"publish","type":"page","link":"https:\/\/scarletios.net\/ru\/gdpr-policy\/","title":{"rendered":"GDPR Policy"},"content":{"rendered":"\n<p>Die Datenschutz-Grundverordnung (DSGVO) dient als Grundpfeiler f\u00fcr die Regulierung der Verarbeitung personenbezogener Daten von B\u00fcrgern der Europ\u00e4ischen Union (EU). Bei ScarletApp setzen wir das grundlegende Ziel der DSGVO konsequent um \u2013 B\u00fcrgern die Kontrolle \u00fcber ihre personenbezogenen Daten zu erm\u00f6glichen. Unsere Produkte entsprechen nahtlos den strengen Datenschutzrichtlinien der EU.<\/p>\n\n\n<style>.kb-table-of-content-nav.kb-table-of-content-id2280_b7c0ea-b4 .kb-table-of-content-wrap{padding-top:var(--global-kb-spacing-sm, 1.5rem);padding-right:var(--global-kb-spacing-sm, 1.5rem);padding-bottom:var(--global-kb-spacing-sm, 1.5rem);padding-left:var(--global-kb-spacing-sm, 1.5rem);box-shadow:0px 0px 14px 0px rgba(0, 0, 0, 0.2);}.kb-table-of-content-nav.kb-table-of-content-id2280_b7c0ea-b4 .kb-table-of-contents-title-wrap{padding-top:0px;padding-right:0px;padding-bottom:0px;padding-left:0px;}.kb-table-of-content-nav.kb-table-of-content-id2280_b7c0ea-b4 .kb-table-of-contents-title{font-weight:regular;font-style:normal;}.kb-table-of-content-nav.kb-table-of-content-id2280_b7c0ea-b4 .kb-table-of-content-wrap .kb-table-of-content-list{font-weight:regular;font-style:normal;margin-top:var(--global-kb-spacing-sm, 1.5rem);margin-right:0px;margin-bottom:0px;margin-left:0px;}.kb-table-of-content-nav.kb-table-of-content-id2280_b7c0ea-b4 .kb-table-of-content-wrap .kb-table-of-content-list .kb-table-of-contents__entry:hover{color:var(--global-palette6, #718096);}<\/style>\n\n<style>.wp-block-kadence-advancedheading.kt-adv-heading2280_0953ce-e5, .wp-block-kadence-advancedheading.kt-adv-heading2280_0953ce-e5[data-kb-block=\"kb-adv-heading2280_0953ce-e5\"]{font-style:normal;}.wp-block-kadence-advancedheading.kt-adv-heading2280_0953ce-e5 mark.kt-highlight, .wp-block-kadence-advancedheading.kt-adv-heading2280_0953ce-e5[data-kb-block=\"kb-adv-heading2280_0953ce-e5\"] mark.kt-highlight{font-style:normal;color:#f76a0c;-webkit-box-decoration-break:clone;box-decoration-break:clone;padding-top:0px;padding-right:0px;padding-bottom:0px;padding-left:0px;}<\/style>\n<h2 class=\"kt-adv-heading2280_0953ce-e5 wp-block-kadence-advancedheading\" data-kb-block=\"kb-adv-heading2280_0953ce-e5\">Navigation durch den umfassenden Rahmen der Datenschutz-Grundverordnung<\/h2>\n\n\n\n<p>Die Datenschutz-Grundverordnung umfasst 11 Kapitel mit fast 100 Artikeln, die die Grunds\u00e4tze und Vorschriften f\u00fcr die Verarbeitung personenbezogener Daten festlegen. Hier sind die wichtigsten Punkte dieser regulatorischen Landschaft:<\/p>\n\n\n<style>.wp-block-kadence-advancedheading.kt-adv-heading2280_8890f2-24, .wp-block-kadence-advancedheading.kt-adv-heading2280_8890f2-24[data-kb-block=\"kb-adv-heading2280_8890f2-24\"]{font-style:normal;}.wp-block-kadence-advancedheading.kt-adv-heading2280_8890f2-24 mark.kt-highlight, .wp-block-kadence-advancedheading.kt-adv-heading2280_8890f2-24[data-kb-block=\"kb-adv-heading2280_8890f2-24\"] mark.kt-highlight{font-style:normal;color:#f76a0c;-webkit-box-decoration-break:clone;box-decoration-break:clone;padding-top:0px;padding-right:0px;padding-bottom:0px;padding-left:0px;}<\/style>\n<h3 class=\"kt-adv-heading2280_8890f2-24 wp-block-kadence-advancedheading\" data-kb-block=\"kb-adv-heading2280_8890f2-24\">Europ\u00e4ische Union \u2013 Datenschutz-Grundverordnung<\/h3>\n\n\n<style>.wp-block-kadence-advancedheading.kt-adv-heading2280_2c1240-76, .wp-block-kadence-advancedheading.kt-adv-heading2280_2c1240-76[data-kb-block=\"kb-adv-heading2280_2c1240-76\"]{font-style:normal;}.wp-block-kadence-advancedheading.kt-adv-heading2280_2c1240-76 mark.kt-highlight, .wp-block-kadence-advancedheading.kt-adv-heading2280_2c1240-76[data-kb-block=\"kb-adv-heading2280_2c1240-76\"] mark.kt-highlight{font-style:normal;color:#f76a0c;-webkit-box-decoration-break:clone;box-decoration-break:clone;padding-top:0px;padding-right:0px;padding-bottom:0px;padding-left:0px;}<\/style>\n<h4 class=\"kt-adv-heading2280_2c1240-76 wp-block-kadence-advancedheading\" data-kb-block=\"kb-adv-heading2280_2c1240-76\">Artikel 5: Grunds\u00e4tze f\u00fcr die Verarbeitung personenbezogener Daten<\/h4>\n\n\n\n<p>ScarletApp \u00fcbernimmt die Rolle eines verl\u00e4sslichen Verwahrers von personenbezogenen Daten und nutzt Kundendaten ausschlie\u00dflich zur Bereitstellung von Bildungsdienstleistungen. Wir best\u00e4tigen ausdr\u00fccklich, dass diese Daten weder verkauft noch f\u00fcr Marketingaktivit\u00e4ten verwendet werden.<\/p>\n\n\n<style>.wp-block-kadence-advancedheading.kt-adv-heading2280_756f1e-bf, .wp-block-kadence-advancedheading.kt-adv-heading2280_756f1e-bf[data-kb-block=\"kb-adv-heading2280_756f1e-bf\"]{font-style:normal;}.wp-block-kadence-advancedheading.kt-adv-heading2280_756f1e-bf mark.kt-highlight, .wp-block-kadence-advancedheading.kt-adv-heading2280_756f1e-bf[data-kb-block=\"kb-adv-heading2280_756f1e-bf\"] mark.kt-highlight{font-style:normal;color:#f76a0c;-webkit-box-decoration-break:clone;box-decoration-break:clone;padding-top:0px;padding-right:0px;padding-bottom:0px;padding-left:0px;}<\/style>\n<h4 class=\"kt-adv-heading2280_756f1e-bf wp-block-kadence-advancedheading\" data-kb-block=\"kb-adv-heading2280_756f1e-bf\">Artikel 17: Recht auf Vergessenwerden<\/h4>\n\n\n\n<p>In \u00dcbereinstimmung mit der DSGVO haben Schulen das Recht, ScarletApp-Benutzer jederzeit auszuschlie\u00dfen. Dar\u00fcber hinaus behalten individuelle Benutzer die Autonomie, ihre Daten von ScarletApp zu l\u00f6schen, und wir l\u00f6schen umgehend Daten von Schulen, die unsere Dienste nicht mehr nutzen.<\/p>\n\n\n<style>.wp-block-kadence-advancedheading.kt-adv-heading2280_7fa063-78, .wp-block-kadence-advancedheading.kt-adv-heading2280_7fa063-78[data-kb-block=\"kb-adv-heading2280_7fa063-78\"]{font-style:normal;}.wp-block-kadence-advancedheading.kt-adv-heading2280_7fa063-78 mark.kt-highlight, .wp-block-kadence-advancedheading.kt-adv-heading2280_7fa063-78[data-kb-block=\"kb-adv-heading2280_7fa063-78\"] mark.kt-highlight{font-style:normal;color:#f76a0c;-webkit-box-decoration-break:clone;box-decoration-break:clone;padding-top:0px;padding-right:0px;padding-bottom:0px;padding-left:0px;}<\/style>\n<h4 class=\"kt-adv-heading2280_7fa063-78 wp-block-kadence-advancedheading\" data-kb-block=\"kb-adv-heading2280_7fa063-78\">Artikel 32: Sicherheit der Verarbeitung<\/h4>\n\n\n\n<p>ScarletApp legt gro\u00dfen Wert auf die sichere Speicherung vertraulicher pers\u00f6nlicher Informationen. Unsere Teammitglieder halten sich an vertragliche Vertraulichkeitsvereinbarungen, und unsere Sicherheitsma\u00dfnahmen umfassen interne Richtlinien, Verfahren zur Datenverwaltung, Beschr\u00e4nkungen beim Zugriff auf personenbezogene Daten, Verschl\u00fcsselungsprotokolle (f\u00fcr inaktive Daten und Daten\u00fcbertragung), System\u00fcberwachung, Notfallpl\u00e4ne und strenge Kontrolle \u00fcber unbefugten Zugriff auf pers\u00f6nliche Informationen w\u00e4hrend der Daten\u00fcbertragung.<\/p>\n\n\n<style>.wp-block-kadence-advancedheading.kt-adv-heading2280_7ee63c-71, .wp-block-kadence-advancedheading.kt-adv-heading2280_7ee63c-71[data-kb-block=\"kb-adv-heading2280_7ee63c-71\"]{font-style:normal;}.wp-block-kadence-advancedheading.kt-adv-heading2280_7ee63c-71 mark.kt-highlight, .wp-block-kadence-advancedheading.kt-adv-heading2280_7ee63c-71[data-kb-block=\"kb-adv-heading2280_7ee63c-71\"] mark.kt-highlight{font-style:normal;color:#f76a0c;-webkit-box-decoration-break:clone;box-decoration-break:clone;padding-top:0px;padding-right:0px;padding-bottom:0px;padding-left:0px;}<\/style>\n<h2 class=\"kt-adv-heading2280_7ee63c-71 wp-block-kadence-advancedheading\" data-kb-block=\"kb-adv-heading2280_7ee63c-71\">Zus\u00e4tzliche Highlights zur Einhaltung der Datenschutz-Grundverordnung<\/h2>\n\n\n<style>.wp-block-kadence-advancedheading.kt-adv-heading2280_bc68d8-c7, .wp-block-kadence-advancedheading.kt-adv-heading2280_bc68d8-c7[data-kb-block=\"kb-adv-heading2280_bc68d8-c7\"]{font-style:normal;}.wp-block-kadence-advancedheading.kt-adv-heading2280_bc68d8-c7 mark.kt-highlight, .wp-block-kadence-advancedheading.kt-adv-heading2280_bc68d8-c7[data-kb-block=\"kb-adv-heading2280_bc68d8-c7\"] mark.kt-highlight{font-style:normal;color:#f76a0c;-webkit-box-decoration-break:clone;box-decoration-break:clone;padding-top:0px;padding-right:0px;padding-bottom:0px;padding-left:0px;}<\/style>\n<h3 class=\"kt-adv-heading2280_bc68d8-c7 wp-block-kadence-advancedheading\" data-kb-block=\"kb-adv-heading2280_bc68d8-c7\">Artikel 33: Benachrichtigung bei einer Verletzung des Schutzes personenbezogener Daten an die Aufsichtsbeh\u00f6rde<\/h3>\n\n\n\n<p>In \u00dcbereinstimmung mit der DSGVO benachrichtigt ScarletApp die Aufsichtsbeh\u00f6rde unverz\u00fcglich innerhalb der festgelegten 72-Stunden-Frist nach Entdeckung einer Verletzung des Schutzes personenbezogener Daten. Sollte eine solche Verletzung auftreten, leitet ScarletApp umgehend Kundenbenachrichtigungen ein, f\u00fchrt gr\u00fcndliche Untersuchungen durch und stellt die Integrit\u00e4t der betroffenen Datensysteme rasch wieder her. Wir arbeiten vollst\u00e4ndig zusammen und stellen erforderliche Berichte f\u00fcr die von der Verletzung Betroffenen bereit.<\/p>\n\n\n<style>.wp-block-kadence-advancedheading.kt-adv-heading2280_7e591c-4b, .wp-block-kadence-advancedheading.kt-adv-heading2280_7e591c-4b[data-kb-block=\"kb-adv-heading2280_7e591c-4b\"]{font-style:normal;}.wp-block-kadence-advancedheading.kt-adv-heading2280_7e591c-4b mark.kt-highlight, .wp-block-kadence-advancedheading.kt-adv-heading2280_7e591c-4b[data-kb-block=\"kb-adv-heading2280_7e591c-4b\"] mark.kt-highlight{font-style:normal;color:#f76a0c;-webkit-box-decoration-break:clone;box-decoration-break:clone;padding-top:0px;padding-right:0px;padding-bottom:0px;padding-left:0px;}<\/style>\n<h3 class=\"kt-adv-heading2280_7e591c-4b wp-block-kadence-advancedheading\" data-kb-block=\"kb-adv-heading2280_7e591c-4b\">Artikel 35: Datenschutz-Folgenabsch\u00e4tzung<\/h3>\n\n\n\n<p>ScarletApp f\u00fchrt gewissenhaft verschiedene Sicherheitsbewertungen unserer Systeme durch. Diese Sicherheitstests erfolgen regelm\u00e4\u00dfig, einige werden j\u00e4hrlich durchgef\u00fchrt, andere h\u00e4ufiger, und bestimmte Bewertungen werden kontinuierlich durchgef\u00fchrt, um die anhaltende Robustheit unserer Sicherheitsprotokolle zu gew\u00e4hrleisten.<\/p>\n\n\n<style>.wp-block-kadence-advancedheading.kt-adv-heading2280_f3332d-11, .wp-block-kadence-advancedheading.kt-adv-heading2280_f3332d-11[data-kb-block=\"kb-adv-heading2280_f3332d-11\"]{font-style:normal;}.wp-block-kadence-advancedheading.kt-adv-heading2280_f3332d-11 mark.kt-highlight, .wp-block-kadence-advancedheading.kt-adv-heading2280_f3332d-11[data-kb-block=\"kb-adv-heading2280_f3332d-11\"] mark.kt-highlight{font-style:normal;color:#f76a0c;-webkit-box-decoration-break:clone;box-decoration-break:clone;padding-top:0px;padding-right:0px;padding-bottom:0px;padding-left:0px;}<\/style>\n<h3 class=\"kt-adv-heading2280_f3332d-11 wp-block-kadence-advancedheading\" data-kb-block=\"kb-adv-heading2280_f3332d-11\">Artikel 37: Bestellung eines Datenschutzbeauftragten<\/h3>\n\n\n\n<p>ScarletApp verf\u00fcgt \u00fcber einen bestimmten Datenschutzbeauftragten, der befugt ist, Sicherheitskontrollen durchzuf\u00fchren und die Produktentwicklung zu beeinflussen, und st\u00e4rkt damit unser Engagement f\u00fcr den Schutz Ihrer Daten.<\/p>\n\n\n<style>.wp-block-kadence-advancedheading.kt-adv-heading2280_7bcc7d-b1, .wp-block-kadence-advancedheading.kt-adv-heading2280_7bcc7d-b1[data-kb-block=\"kb-adv-heading2280_7bcc7d-b1\"]{font-style:normal;}.wp-block-kadence-advancedheading.kt-adv-heading2280_7bcc7d-b1 mark.kt-highlight, .wp-block-kadence-advancedheading.kt-adv-heading2280_7bcc7d-b1[data-kb-block=\"kb-adv-heading2280_7bcc7d-b1\"] mark.kt-highlight{font-style:normal;color:#f76a0c;-webkit-box-decoration-break:clone;box-decoration-break:clone;padding-top:0px;padding-right:0px;padding-bottom:0px;padding-left:0px;}<\/style>\n<h3 class=\"kt-adv-heading2280_7bcc7d-b1 wp-block-kadence-advancedheading\" data-kb-block=\"kb-adv-heading2280_7bcc7d-b1\">Artikel 44: Allgemeines \u00dcbermittlungsprinzip<\/h3>\n\n\n\n<p>Um die Souver\u00e4nit\u00e4t und den Aufenthalt von Daten in der EU zu sch\u00fctzen, erm\u00e4chtigt die Verordnung die Europ\u00e4ische Kommission, \u00fcber die Angemessenheit von Drittl\u00e4ndern oder Gebieten, die \u00fcbermittelte Daten erhalten, zu entscheiden. ScarletApp, im Bewusstsein dar\u00fcber, weist Kunden in der EU oder im Vereinigten K\u00f6nigreich einem in Frankfurt, Deutschland, befindlichen EU-Datencenter zu. Dieses Zentrum verwaltet effektiv alle erforderlichen Anwendungen von ScarletApp und Datenserver und stellt sicher, dass Server au\u00dferhalb dieses bestimmten Raums nicht f\u00fcr die Datenspeicherung oder die Bereitstellung von Dienstleistungen f\u00fcr EU- oder UK-Kunden verwendet werden.<\/p>\n\n\n\n<p>Bei Scarletios begr\u00fc\u00dfen und halten wir uns an das robuste Rahmenwerk der DSGVO, das die Privatsph\u00e4re und Sicherheit Ihrer Daten priorisiert. Unser Engagement ist unersch\u00fctterlich, und wir bem\u00fchen uns, eine transparente und vertrauensw\u00fcrdige Umgebung f\u00fcr unsere Benutzer im Einklang mit diesen Vorschriften bereitzustellen.<\/p>\n","protected":false},"excerpt":{"rendered":"<p>Die Datenschutz-Grundverordnung (DSGVO) dient als Grundpfeiler f\u00fcr die Regulierung der Verarbeitung personenbezogener Daten von B\u00fcrgern der Europ\u00e4ischen Union (EU). Bei ScarletApp setzen wir das grundlegende Ziel der DSGVO konsequent um \u2013 B\u00fcrgern die Kontrolle \u00fcber ihre personenbezogenen Daten zu erm\u00f6glichen. Unsere Produkte entsprechen nahtlos den strengen Datenschutzrichtlinien der EU. Navigation durch den umfassenden Rahmen der&#8230;<\/p>\n","protected":false},"author":11,"featured_media":0,"parent":0,"menu_order":0,"comment_status":"closed","ping_status":"closed","template":"","meta":{"_kad_blocks_custom_css":"","_kad_blocks_head_custom_js":"","_kad_blocks_body_custom_js":"","_kad_blocks_footer_custom_js":"","_kad_post_transparent":"","_kad_post_title":"","_kad_post_layout":"","_kad_post_sidebar_id":"","_kad_post_content_style":"","_kad_post_vertical_padding":"","_kad_post_feature":"","_kad_post_feature_position":"","_kad_post_header":false,"_kad_post_footer":false,"footnotes":""},"class_list":["post-2280","page","type-page","status-publish","hentry"],"taxonomy_info":[],"featured_image_src_large":false,"author_info":{"display_name":"Admin","author_link":"https:\/\/scarletios.net\/ru\/author\/backlinks-hubs\/"},"comment_info":0,"_links":{"self":[{"href":"https:\/\/scarletios.net\/ru\/wp-json\/wp\/v2\/pages\/2280","targetHints":{"allow":["GET"]}}],"collection":[{"href":"https:\/\/scarletios.net\/ru\/wp-json\/wp\/v2\/pages"}],"about":[{"href":"https:\/\/scarletios.net\/ru\/wp-json\/wp\/v2\/types\/page"}],"author":[{"embeddable":true,"href":"https:\/\/scarletios.net\/ru\/wp-json\/wp\/v2\/users\/11"}],"replies":[{"embeddable":true,"href":"https:\/\/scarletios.net\/ru\/wp-json\/wp\/v2\/comments?post=2280"}],"version-history":[{"count":4,"href":"https:\/\/scarletios.net\/ru\/wp-json\/wp\/v2\/pages\/2280\/revisions"}],"predecessor-version":[{"id":2284,"href":"https:\/\/scarletios.net\/ru\/wp-json\/wp\/v2\/pages\/2280\/revisions\/2284"}],"wp:attachment":[{"href":"https:\/\/scarletios.net\/ru\/wp-json\/wp\/v2\/media?parent=2280"}],"curies":[{"name":"wp","href":"https:\/\/api.w.org\/{rel}","templated":true}]}}