{"id":1041,"date":"2023-08-19T22:16:47","date_gmt":"2023-08-19T22:16:47","guid":{"rendered":"https:\/\/scarletios.net\/contact-us\/"},"modified":"2024-02-04T16:14:32","modified_gmt":"2024-02-04T16:14:32","slug":"contact-us","status":"publish","type":"page","link":"https:\/\/scarletios.net\/es\/contact-us\/","title":{"rendered":"Cont\u00e1ctenos"},"content":{"rendered":"\n<p><strong><a href=\"https:\/\/scarletios.net\/es\/\" data-type=\"link\" data-id=\"https:\/\/scarletios.net\/es\/\">Scarletios.net<\/a><\/strong> ofrece informaci\u00f3n sobre la aplicaci\u00f3n Scarlet iOS con fines educativos. Dedicados a proporcionar conocimientos completos sobre las caracter\u00edsticas y funcionalidades de la aplicaci\u00f3n, nuestra plataforma es tu fuente principal. Si tienes alguna pregunta, no dudes en ponerte en contacto con nosotros en matthewcabrera323@gmail.com<\/p>\n\n\n<style>.wp-block-kadence-advancedheading.kt-adv-heading1041_fe7f0b-ff, .wp-block-kadence-advancedheading.kt-adv-heading1041_fe7f0b-ff[data-kb-block=\"kb-adv-heading1041_fe7f0b-ff\"]{font-style:normal;}.wp-block-kadence-advancedheading.kt-adv-heading1041_fe7f0b-ff mark.kt-highlight, .wp-block-kadence-advancedheading.kt-adv-heading1041_fe7f0b-ff[data-kb-block=\"kb-adv-heading1041_fe7f0b-ff\"] mark.kt-highlight{font-style:normal;color:#f76a0c;-webkit-box-decoration-break:clone;box-decoration-break:clone;padding-top:0px;padding-right:0px;padding-bottom:0px;padding-left:0px;}<\/style>\n<h2 class=\"kt-adv-heading1041_fe7f0b-ff wp-block-kadence-advancedheading\" data-kb-block=\"kb-adv-heading1041_fe7f0b-ff\">Comun\u00edcate con Scarlet iOS<\/h2>\n\n\n\n<p>\u00bfTienes preguntas o necesitas ayuda? Haz clic en el correo electr\u00f3nico <a href=\"mailto:matthewcabrera323@gmail.com\">matthewcabrera323@gmail.com<\/a> para comunicarte y estaremos en contacto contigo lo m\u00e1s pronto posible.<\/p>\n","protected":false},"excerpt":{"rendered":"<p>Scarletios.net ofrece informaci\u00f3n sobre la aplicaci\u00f3n Scarlet iOS con fines educativos. Dedicados a proporcionar conocimientos completos sobre las caracter\u00edsticas y funcionalidades de la aplicaci\u00f3n, nuestra plataforma es tu fuente principal. Si tienes alguna pregunta, no dudes en ponerte en contacto con nosotros en matthewcabrera323@gmail.com Comun\u00edcate con Scarlet iOS \u00bfTienes preguntas o necesitas ayuda? Haz clic&#8230;<\/p>\n","protected":false},"author":11,"featured_media":0,"parent":0,"menu_order":0,"comment_status":"closed","ping_status":"closed","template":"","meta":{"_kad_blocks_custom_css":"","_kad_blocks_head_custom_js":"","_kad_blocks_body_custom_js":"","_kad_blocks_footer_custom_js":"","_kad_post_transparent":"","_kad_post_title":"","_kad_post_layout":"","_kad_post_sidebar_id":"","_kad_post_content_style":"","_kad_post_vertical_padding":"","_kad_post_feature":"","_kad_post_feature_position":"","_kad_post_header":false,"_kad_post_footer":false,"footnotes":""},"class_list":["post-1041","page","type-page","status-publish","hentry"],"taxonomy_info":[],"featured_image_src_large":false,"author_info":{"display_name":"Admin","author_link":"https:\/\/scarletios.net\/es\/author\/backlinks-hubs\/"},"comment_info":0,"_links":{"self":[{"href":"https:\/\/scarletios.net\/es\/wp-json\/wp\/v2\/pages\/1041","targetHints":{"allow":["GET"]}}],"collection":[{"href":"https:\/\/scarletios.net\/es\/wp-json\/wp\/v2\/pages"}],"about":[{"href":"https:\/\/scarletios.net\/es\/wp-json\/wp\/v2\/types\/page"}],"author":[{"embeddable":true,"href":"https:\/\/scarletios.net\/es\/wp-json\/wp\/v2\/users\/11"}],"replies":[{"embeddable":true,"href":"https:\/\/scarletios.net\/es\/wp-json\/wp\/v2\/comments?post=1041"}],"version-history":[{"count":5,"href":"https:\/\/scarletios.net\/es\/wp-json\/wp\/v2\/pages\/1041\/revisions"}],"predecessor-version":[{"id":3979,"href":"https:\/\/scarletios.net\/es\/wp-json\/wp\/v2\/pages\/1041\/revisions\/3979"}],"wp:attachment":[{"href":"https:\/\/scarletios.net\/es\/wp-json\/wp\/v2\/media?parent=1041"}],"curies":[{"name":"wp","href":"https:\/\/api.w.org\/{rel}","templated":true}]}}